{"id":2561,"date":"2021-07-09T12:11:23","date_gmt":"2021-07-09T10:11:23","guid":{"rendered":"https:\/\/delafont-barrels.fr\/\/stainless-steel-barrels-vinification-equipment-innovative-design\/"},"modified":"2024-10-25T16:18:40","modified_gmt":"2024-10-25T14:18:40","slug":"vinification-equipment-innovative-design","status":"publish","type":"page","link":"https:\/\/delafont-barrels.fr\/en\/vinification-equipment-innovative-design\/","title":{"rendered":"Stainless steel barrels : VINIFICATION EQUIPMENT INNOVATIVE DESIGN"},"content":{"rendered":"<div class=\"wpb-content-wrapper\"><p>[vc_row css=&#8221;.vc_custom_1625749488271{padding-top: 50px !important;padding-bottom: 50px !important;}&#8221;][vc_column][vc_column_text]<\/p>\n<p class=\"text-center text-justify\">S. Delafont\u2019s stainless steel barrels are designed and manufactured with cutting-edge technology to meet the requirements of small, high-end wine production.<\/p>\n<p>[\/vc_column_text][\/vc_column][\/vc_row][vc_row css=&#8221;.vc_custom_1631723036369{margin-top: 40px !important;margin-bottom: 80px !important;background-position: 0 0 !important;background-repeat: no-repeat !important;}&#8221; el_class=&#8221;custom-frame&#8221;][vc_column css=&#8221;.vc_custom_1545062683533{margin-top: 0px !important;margin-bottom: 0px !important;padding-top: 0px !important;padding-bottom: 0px !important;}&#8221;][vc_column_text]<\/p>\n<h2 class=\"title-h2\" style=\"text-align: center;\"><span class=\"text-hand font-weight-normal\" style=\"color: #a37c39;\">How are<\/span><br \/>\n<span class=\"text-uppercase\">STAINLESS STEEL DRUMS DESIGNED?<\/span><\/h2>\n<p>[\/vc_column_text][vc_row_inner content_placement=&#8221;middle&#8221;][vc_column_inner width=&#8221;1\/2&#8243;][vc_column_text css_animation=&#8221;bottom-to-top&#8221;]<\/p>\n<p style=\"text-align: center; max-width: 530px; display: block; margin: 0 auto;\"><span style=\"color: #777777;\">The characteristic curve of S. Delafont\u2019s stainless steel barrels is the result of innovative design through an exclusive partnership with a French industrial engineering firm: the optimal results symbolise the alliance between winegrowing and industry. At all phases in the production process, there is an overriding and ever-present quest for balance. The technology used for shaping the stainless steel results in an almost seamless curved shape which is ideal for smooth lees deposit. <\/span><\/p>\n<p>[\/vc_column_text][\/vc_column_inner][vc_column_inner width=&#8221;1\/2&#8243;]<div class=\"centered-box gem-image-centered-box\" ><div class=\"gem-image gem-wrapbox gem-wrapbox-style-default gem-wrapbox-position-centered lazy-loading  thegem-custom-69d4902cc46993588\"  style=\"\" ><div class=\"gem-wrapbox-inner  lazy-loading-item\"  data-ll-effect=\"move-up\"><img class=\"gem-wrapbox-element img-responsive\" src=\"https:\/\/delafont-barrels.fr\/wp-content\/uploads\/2021\/11\/Image-site-Barrels-2.jpg\" alt=\"\"\/><\/div><style type=\"text\/css\">.thegem-custom-69d4902cc46993588.gem-image a:hover img {filter: brightness( 100% ) contrast( 100% ) saturate( 100% ) blur( 0px ) hue-rotate( 0deg );}<\/style><\/div><\/div>[\/vc_column_inner][\/vc_row_inner][\/vc_column][\/vc_row][vc_row full_width=&#8221;stretch_row_content&#8221; css=&#8221;.vc_custom_1625754942138{margin-top: 0px !important;margin-bottom: 0px !important;padding-top: 0px !important;padding-bottom: 0px !important;}&#8221;][vc_column][vc_row_inner el_class=&#8221;z-index&#8221; css=&#8221;.vc_custom_1625754793760{margin-bottom: -50px !important;}&#8221;][vc_column_inner css=&#8221;.vc_custom_1625754850920{margin-bottom: -50px !important;}&#8221;]<div id=\"fullwidth-block-69d4902cc4de7\" class=\"fullwidth-block clearfix\"  style=\"padding-bottom: 60px;\"><script type=\"text\/javascript\">if (typeof(gem_fix_fullwidth_position) == \"function\") { gem_fix_fullwidth_position(document.getElementById(\"fullwidth-block-69d4902cc4de7\")); }<\/script><div class=\"fullwidth-block-background\" style=\"background-image: url(https:\/\/delafont-barrels.fr\/wp-content\/uploads\/2018\/12\/2.png);background-repeat: no-repeat; background-size: cover;background-position: center bottom;\"><\/div><div class=\"fullwidth-block-inner\"><\/div><\/div>[\/vc_column_inner][\/vc_row_inner][vc_row_inner css=&#8221;.vc_custom_1625824543100{background-image: url(https:\/\/delafont-barrels.fr\/\/wp-content\/uploads\/2021\/07\/slide-home-1.jpg?id=1312) !important;}&#8221;][vc_column_inner css=&#8221;.vc_custom_1625755369479{padding-top: 120px !important;padding-bottom: 80px !important;}&#8221;][vc_column_text css=&#8221;.vc_custom_1625824565818{padding-right: 10% !important;padding-left: 10% !important;}&#8221;]<\/p>\n<h2 class=\"title-h2 text-white\" style=\"text-align: center; text-shadow: 0 0 15px #212121;\"><span class=\"text-hand font-weight-normal\" style=\"color: #eeeeee;\">The advantages of stainless steel barrels:<\/span><br \/>\n<span class=\"text-uppercase\">QUALITY AND CONVENIENCE<\/span><\/h2>\n<p>[\/vc_column_text][\/vc_column_inner][\/vc_row_inner][\/vc_column][\/vc_row][vc_row css=&#8221;.vc_custom_1625755475723{margin-top: 80px !important;margin-bottom: 80px !important;}&#8221;][vc_column][vc_column_text css_animation=&#8221;bottom-to-top&#8221;]<\/p>\n<p style=\"color: #777777; text-align: center;\">The machinery used to manufacture stainless steel barrels is subject to strict specifications.<\/p>\n<p>[\/vc_column_text][vc_row_inner][vc_column_inner width=&#8221;1\/2&#8243; css=&#8221;.vc_custom_1625824891691{margin-top: 50px !important;margin-bottom: 50px !important;}&#8221;][vc_column_text css=&#8221;.vc_custom_1625824675877{padding-right: 10% !important;padding-left: 10% !important;}&#8221;]<\/p>\n<h3 class=\"title-h2\" style=\"text-align: center;\"><span class=\"text-hand font-weight-normal\" style=\"color: #a37c39;\">Advantages<\/span><br \/>\n<span class=\"text-uppercase\"> QUALITY<\/span><\/h3>\n<p>[\/vc_column_text]<div class=\"gem-list gem-list-type-star gem-list-color-8\" ><ul>\n<li><strong>Single weld:<\/strong> stainless steel barrels have a single passivated and brushed longitudinal weld for the smoothest possible surface. Thus, the interior coating is perfectly even, guaranteeing optimal deposit of lees.<\/li>\n<li><strong>The stainless steel barrel curve:<\/strong> S. Delafont\u2019s stainless steel barrels are manufactured and designed for optimal curving, ensuring even deposit and distribution of lees over the barrel surface.<\/li>\n<li><strong>Aesthetic innovation:<\/strong> stainless steel barrels are attractive and an ideal, eye-catching addition to any winery practicing wine tourism.<\/li>\n<\/ul>\n<\/div>[\/vc_column_inner][vc_column_inner width=&#8221;1\/2&#8243; css=&#8221;.vc_custom_1625824900040{margin-top: 50px !important;margin-bottom: 50px !important;}&#8221;][vc_column_text css=&#8221;.vc_custom_1625824695105{padding-right: 10% !important;padding-left: 10% !important;}&#8221;]<\/p>\n<h3 class=\"title-h2\" style=\"text-align: center;\"><span class=\"text-hand font-weight-normal\" style=\"color: #a37c39;\">Advantages<\/span><br \/>\n<span class=\"text-uppercase\"> CONVENIENCE<\/span><\/h3>\n<p>[\/vc_column_text]<div class=\"gem-list gem-list-type-star gem-list-color-8\" ><ul>\n<li><strong>Easy maintenance:<\/strong> the stainless steel barrel design &#8211; with front opening and smooth interior coating reducing scale deposit &#8211; facilitates the cleaning process. Products are environmentally friendly as water consumption is low.<\/li>\n<li><strong>Easy handling:<\/strong> stainless steel barrels are light and may be handled by one person alone.<\/li>\n<li><strong>Manufacturing <\/strong>meets repeatability and throughput requirements, ensuring production of top-quality barrels in large quantities.<\/li>\n<\/ul>\n<\/div>[\/vc_column_inner][\/vc_row_inner][\/vc_column][\/vc_row][vc_row full_width=&#8221;stretch_row&#8221; content_placement=&#8221;middle&#8221; disable_element=&#8221;yes&#8221; parallax=&#8221;content-moving&#8221; css=&#8221;.vc_custom_1631722671740{padding-top: 80px !important;padding-bottom: 80px !important;background-image: url(https:\/\/delafont-barrels.fr\/\/wp-content\/uploads\/2021\/07\/fd-paralax-2.jpg?id=1356) !important;}&#8221; el_id=&#8221;options&#8221;][vc_column][vc_column_text css=&#8221;.vc_custom_1631711097690{padding-right: 10% !important;padding-left: 10% !important;}&#8221;]<\/p>\n<h2 class=\"title-h2 text-white\" style=\"text-align: center; text-shadow: 0 0 15px #212121;\"><span class=\"text-uppercase\">BARRELS &amp; AVAILABLE OPTIONS<\/span><br \/>\n<span class=\"text-hand font-weight-normal\" style=\"color: #eeeeee;\">S. Delafont Barrels<\/span><\/h2>\n<p>[\/vc_column_text][\/vc_column][\/vc_row][vc_row full_width=&#8221;stretch_row&#8221; content_placement=&#8221;middle&#8221; parallax=&#8221;content-moving&#8221; css=&#8221;.vc_custom_1631722947053{padding-top: 110px !important;padding-bottom: 80px !important;background-image: url(https:\/\/delafont-barrels.fr\/\/wp-content\/uploads\/2021\/07\/fd-paralax-2.jpg?id=1356) !important;}&#8221;][vc_column][vc_empty_space height=&#8221;99px&#8221;][\/vc_column][\/vc_row][vc_row full_width=&#8221;stretch_row&#8221; content_placement=&#8221;middle&#8221; parallax=&#8221;content-moving&#8221; css=&#8221;.vc_custom_1633510825862{padding-top: 80px !important;}&#8221; el_id=&#8221;futs-options&#8221;][vc_column][vc_column_text css=&#8221;.vc_custom_1631722751068{padding-right: 10% !important;padding-left: 10% !important;}&#8221;]<\/p>\n<h2 class=\"title-h2 \" style=\"text-align: center;\"><span class=\"text-uppercase\">BARRELS &amp; AVAILABLE OPTIONS<\/span><br \/>\n<span class=\"text-hand font-weight-normal\" style=\"color: #a37c39;\">S. Delafont Barrels<\/span><\/h2>\n<p>[\/vc_column_text][\/vc_column][\/vc_row][vc_row full_width=&#8221;stretch_row&#8221; equal_height=&#8221;yes&#8221; content_placement=&#8221;middle&#8221; css=&#8221;.vc_custom_1631723734487{margin-top: 0px !important;margin-bottom: 0px !important;padding-top: 0px !important;padding-bottom: 80px !important;background-image: url(https:\/\/delafont-barrels.fr\/\/wp-content\/uploads\/2021\/07\/fd-arrondi.png?id=1448) !important;}&#8221; el_class=&#8221;custom-frame&#8221;][vc_column][vc_column_text css_animation=&#8221;bottom-to-top&#8221;]<\/p>\n<p style=\"text-align: center;\">S. Delafont\u2019s stainless steel barrels boast French-made R&amp;D (Research and Development) on our semi-industrial production site in the small C\u00e9vennes Piedmont village of V\u00e9z\u00e9nobres. Consistent quality, products in stock and fast delivery guaranteed!<\/p>\n<p>[\/vc_column_text][vc_row_inner css=&#8221;.vc_custom_1631622701891{margin-bottom: 30px !important;}&#8221;][vc_column_inner width=&#8221;1\/3&#8243;][vc_single_image image=&#8221;1464&#8243; img_size=&#8221;full&#8221; alignment=&#8221;center&#8221;][vc_column_text]<\/p>\n<div class=\"title-h2\" style=\"text-align: center;\"><span class=\"text-hand font-weight-normal\" style=\"color: #a37c39;\">Origin<\/span><\/div>\n<p style=\"text-align: justify;\">With welded base and opening for micro-vinification and ageing, for white, red or orange wine. Bases available in stainless steel, oak or JABB (polymer).<\/p>\n<p>[\/vc_column_text][\/vc_column_inner][vc_column_inner width=&#8221;1\/3&#8243;][vc_single_image image=&#8221;1466&#8243; img_size=&#8221;full&#8221; alignment=&#8221;center&#8221;][vc_column_text]<\/p>\n<div class=\"title-h2\" style=\"text-align: center;\"><span class=\"text-hand font-weight-normal\" style=\"color: #a37c39;\">Ageing<\/span><\/div>\n<p style=\"text-align: justify;\">With two removable bases for increased contact with oak, or oxygen via the JABB barrel head (polymer).<\/p>\n<p>[\/vc_column_text][\/vc_column_inner][vc_column_inner width=&#8221;1\/3&#8243;][vc_single_image image=&#8221;1462&#8243; img_size=&#8221;full&#8221; alignment=&#8221;center&#8221;][vc_column_text]<\/p>\n<div class=\"title-h2\" style=\"text-align: center;\"><span class=\"text-hand font-weight-normal\" style=\"color: #a37c39;\">Cosy<\/span><\/div>\n<p style=\"text-align: justify;\">With two welded sides for easy, user-friendly handling. Ideal for ageing and storage.<\/p>\n<p>[\/vc_column_text][\/vc_column_inner][\/vc_row_inner][\/vc_column][\/vc_row][vc_row full_width=&#8221;stretch_row_content&#8221; css=&#8221;.vc_custom_1633600895983{padding-top: 0px !important;padding-bottom: 20px !important;}&#8221;][vc_column][vc_row_inner equal_height=&#8221;yes&#8221; content_placement=&#8221;middle&#8221; el_class=&#8221;text-center&#8221; css=&#8221;.vc_custom_1631723128315{margin-bottom: 0px !important;}&#8221;][vc_column_inner offset=&#8221;vc_col-lg-6 vc_col-md-6&#8243; css=&#8221;.vc_custom_1631724453635{border-top-width: 15px !important;border-bottom-width: 15px !important;border-left-width: 15px !important;padding-bottom: 30px !important;background-color: rgba(163,125,56,0.2) !important;*background-color: rgb(163,125,56) !important;border-left-color: #ffffff !important;border-left-style: solid !important;border-top-color: #ffffff !important;border-top-style: solid !important;border-bottom-color: #ffffff !important;border-bottom-style: solid !important;}&#8221;][vc_column_text]<\/p>\n<div class=\"title-h2\" style=\"text-align: center;\"><span class=\"text-hand font-weight-normal\" style=\"color: #a37c39;\">Tailoring barrels <\/span><br \/>\n<span class=\"text-uppercase\">TO VINTAGE AND OBJECTIVES<\/span><\/div>\n<p>[\/vc_column_text][\/vc_column_inner][vc_column_inner offset=&#8221;vc_col-lg-6 vc_col-md-6&#8243; css=&#8221;.vc_custom_1631723647361{border-top-width: 15px !important;border-right-width: 15px !important;border-bottom-width: 15px !important;border-left-width: 15px !important;padding-bottom: 15px !important;background-color: rgba(163,125,56,0.39) !important;*background-color: rgb(163,125,56) !important;border-left-color: #ffffff !important;border-left-style: solid !important;border-right-color: #ffffff !important;border-right-style: solid !important;border-top-color: #ffffff !important;border-top-style: solid !important;border-bottom-color: #ffffff !important;border-bottom-style: solid !important;}&#8221;][vc_single_image image=&#8221;3204&#8243; img_size=&#8221;full&#8221; alignment=&#8221;center&#8221; css=&#8221;&#8221;][vc_column_text]<\/p>\n<p style=\"text-transform: uppercase; letter-spacing: 9px;\"><b>STAINLESS STEEL BASE :<\/b><\/p>\n<p>Airtight, supports high pressure, preserves maximum freshness and fruit-focused character, ideal for oxidative or SO2-free wines.[\/vc_column_text][\/vc_column_inner][\/vc_row_inner][vc_row_inner equal_height=&#8221;yes&#8221; el_class=&#8221;text-center&#8221; css=&#8221;.vc_custom_1631722004348{margin-bottom: 0px !important;}&#8221;][vc_column_inner offset=&#8221;vc_col-lg-6 vc_col-md-6&#8243; css=&#8221;.vc_custom_1631724447542{border-bottom-width: 15px !important;border-left-width: 15px !important;padding-bottom: 30px !important;background-color: rgba(163,125,56,0.39) !important;*background-color: rgb(163,125,56) !important;border-left-color: #ffffff !important;border-left-style: solid !important;border-bottom-color: #ffffff !important;border-bottom-style: solid !important;}&#8221;][vc_single_image image=&#8221;3206&#8243; img_size=&#8221;full&#8221; alignment=&#8221;center&#8221; css=&#8221;&#8221;][vc_column_text]<\/p>\n<p style=\"text-transform: uppercase; letter-spacing: 9px;\"><b>OAK BASE :<\/b><\/p>\n<p>Precision control of exchange with oak. French fine grain oak, three toasting types:<\/p>\n<p style=\"font-size: 16px;\"><strong>Medium Light \u2022 <\/strong><strong>Medium \u2022 <\/strong><strong>Medium Plus<\/strong><\/p>\n<p>[\/vc_column_text][\/vc_column_inner][vc_column_inner offset=&#8221;vc_col-lg-6 vc_col-md-6&#8243; css=&#8221;.vc_custom_1631724274634{border-right-width: 15px !important;border-bottom-width: 15px !important;border-left-width: 15px !important;background-color: rgba(163,125,56,0.2) !important;*background-color: rgb(163,125,56) !important;border-left-color: #ffffff !important;border-left-style: solid !important;border-right-color: #ffffff !important;border-right-style: solid !important;border-bottom-color: #ffffff !important;border-bottom-style: solid !important;}&#8221;][vc_single_image image=&#8221;3208&#8243; img_size=&#8221;full&#8221; alignment=&#8221;center&#8221; css=&#8221;&#8221;][vc_column_text css=&#8221;&#8221;]<\/p>\n<p style=\"text-transform: uppercase; letter-spacing: 9px;\"><b>PLEXI BASE :<\/b><\/p>\n<p>A practical and educational tool to observe the evolution of your lees and explain it to your customers.<\/p>\n<p>[\/vc_column_text][\/vc_column_inner][\/vc_row_inner][\/vc_column][\/vc_row][vc_row full_width=&#8221;stretch_row&#8221; css_animation=&#8221;none&#8221; parallax=&#8221;content-moving&#8221; css=&#8221;.vc_custom_1633600883874{margin-top: 0px !important;margin-bottom: 50px !important;padding-top: 25% !important;background-image: url(https:\/\/delafont-barrels.fr\/\/wp-content\/uploads\/2021\/10\/Douelles-2.jpg?id=1535) !important;background-position: center;background-repeat: no-repeat !important;background-size: cover !important;}&#8221;][vc_column][\/vc_column][\/vc_row][vc_row full_width=&#8221;stretch_row&#8221; equal_height=&#8221;yes&#8221; content_placement=&#8221;middle&#8221; css=&#8221;.vc_custom_1631723698922{margin-top: -70px !important;margin-bottom: 0px !important;padding-top: 80px !important;padding-bottom: 80px !important;}&#8221;][vc_column][vc_column_text]<\/p>\n<div class=\"title-h2\" style=\"text-align: center;\"><span class=\"text-hand font-weight-normal\" style=\"color: #a37c39;\">Staves <\/span><br \/>\n<span class=\"text-uppercase\"> SUITABLE FOR STAINLESS STEEL BARRELS<\/span><\/div>\n<p style=\"text-align: center;\">A range of French oak staves, perfectly suited to stainless steel barrels, complete the range of ageing solutions.<\/p>\n<p style=\"text-align: center;\">The dimensions (73 cm long, 4 cm wide and 1 cm thick) allow both extensive exchange with the wine and the possibility of insertion through the bung after the wines are barrelled.<\/p>\n<p style=\"text-align: center;\">Ageing time from 6 to 12 months. We recommend 6 staves per barrel for white wine and 9 staves per barrel for red wine.<\/p>\n<p>[\/vc_column_text][\/vc_column][\/vc_row][vc_row full_width=&#8221;stretch_row_content&#8221; equal_height=&#8221;yes&#8221; css=&#8221;.vc_custom_1633600411993{background-position: center !important;background-repeat: no-repeat !important;background-size: cover !important;}&#8221;][vc_column width=&#8221;1\/3&#8243; css=&#8221;.vc_custom_1631724249361{background-color: rgba(163,125,56,0.39) !important;*background-color: rgb(163,125,56) !important;}&#8221;][vc_single_image image=&#8221;1536&#8243; img_size=&#8221;350&#215;350&#8243; alignment=&#8221;center&#8221; style=&#8221;vc_box_shadow_circle&#8221;][vc_column_text]<\/p>\n<p style=\"text-transform: uppercase; letter-spacing: 9px; text-align: center;\"><b>MEDIUM LIGHT STAVE :<\/b><\/p>\n<p style=\"text-align: center;\">For delicacy and roundness on the palate.<\/p>\n<p>[\/vc_column_text][\/vc_column][vc_column width=&#8221;1\/3&#8243; css=&#8221;.vc_custom_1631724283122{background-color: rgba(163,125,56,0.2) !important;*background-color: rgb(163,125,56) !important;}&#8221;][vc_single_image image=&#8221;1538&#8243; img_size=&#8221;350&#215;350&#8243; alignment=&#8221;center&#8221; style=&#8221;vc_box_shadow_circle&#8221;][vc_column_text]<\/p>\n<p style=\"text-transform: uppercase; letter-spacing: 9px; text-align: center;\"><b>MEDIUM STAVE :<\/b><\/p>\n<p style=\"text-align: center;\">For volume and aromatic richness.<\/p>\n<p>[\/vc_column_text][\/vc_column][vc_column width=&#8221;1\/3&#8243; css=&#8221;.vc_custom_1631724254986{background-color: rgba(163,125,56,0.39) !important;*background-color: rgb(163,125,56) !important;}&#8221;][vc_single_image image=&#8221;1537&#8243; img_size=&#8221;350&#215;350&#8243; alignment=&#8221;center&#8221; style=&#8221;vc_box_shadow_circle&#8221;][vc_column_text]<\/p>\n<p style=\"text-transform: uppercase; letter-spacing: 9px; text-align: center;\"><b>MEDIUM PLUS STAVE :<\/b><\/p>\n<p style=\"text-align: center;\">For structure, volume and aromatic intensity.<\/p>\n<p>[\/vc_column_text][\/vc_column][\/vc_row][vc_row full_width=&#8221;stretch_row&#8221; equal_height=&#8221;yes&#8221; content_placement=&#8221;middle&#8221; css=&#8221;.vc_custom_1631723698922{margin-top: -70px !important;margin-bottom: 0px !important;padding-top: 80px !important;padding-bottom: 80px !important;}&#8221;][vc_column][vc_column_text css=&#8221;&#8221;]<\/p>\n<div class=\"title-h2\" style=\"text-align: center;\"><span class=\"text-hand font-weight-normal\" style=\"color: #a37c39;\">Jabb cane<\/span><br \/>\n<span class=\"text-uppercase\"> SUITABLE FOR STAINLESS STEEL BARRELS<\/span><\/div>\n<p style=\"text-align: center;\">To complete our aging solutions, we propose oxygenation canes,\u00a0 to regulate your oxygen supply to open and refine reductive wines.<\/p>\n<p style=\"text-align: center;\">Guarantee without any migration in accordance with EU Regulation 10\/2011 and the USA Food and Drug Administration.<\/p>\n<p>[\/vc_column_text][\/vc_column][\/vc_row][vc_row full_width=&#8221;stretch_row_content&#8221; equal_height=&#8221;yes&#8221; css=&#8221;.vc_custom_1633600411993{background-position: center !important;background-repeat: no-repeat !important;background-size: cover !important;}&#8221;][vc_column width=&#8221;1\/3&#8243; css=&#8221;.vc_custom_1631724249361{background-color: rgba(163,125,56,0.39) !important;*background-color: rgb(163,125,56) !important;}&#8221;][vc_single_image image=&#8221;3229&#8243; img_size=&#8221;350&#215;350&#8243; alignment=&#8221;center&#8221; style=&#8221;vc_box_shadow_circle&#8221; css=&#8221;&#8221;][vc_column_text css=&#8221;&#8221;]<\/p>\n<p style=\"text-transform: uppercase; letter-spacing: 9px; text-align: center;\"><b>JABB SUBTIL :<\/b><\/p>\n<p style=\"text-align: center;\">3mg\/l\/year of O2<\/p>\n<p>[\/vc_column_text][\/vc_column][vc_column width=&#8221;1\/3&#8243; css=&#8221;.vc_custom_1631724283122{background-color: rgba(163,125,56,0.2) !important;*background-color: rgb(163,125,56) !important;}&#8221;][vc_single_image image=&#8221;3231&#8243; img_size=&#8221;350&#215;350&#8243; alignment=&#8221;center&#8221; style=&#8221;vc_box_shadow_circle&#8221; css=&#8221;&#8221;][vc_column_text css=&#8221;&#8221;]<\/p>\n<p style=\"text-transform: uppercase; letter-spacing: 9px; text-align: center;\"><b>JABB CLASSIC :<\/b><\/p>\n<p style=\"text-align: center;\">6mg\/l\/year of O2<\/p>\n<p>[\/vc_column_text][\/vc_column][vc_column width=&#8221;1\/3&#8243; css=&#8221;.vc_custom_1631724254986{background-color: rgba(163,125,56,0.39) !important;*background-color: rgb(163,125,56) !important;}&#8221;][vc_single_image image=&#8221;3233&#8243; img_size=&#8221;350&#215;350&#8243; alignment=&#8221;center&#8221; style=&#8221;vc_box_shadow_circle&#8221; css=&#8221;&#8221;][vc_column_text css=&#8221;&#8221;]<\/p>\n<p style=\"text-transform: uppercase; letter-spacing: 9px; text-align: center;\"><b>jabb ultra :<\/b><\/p>\n<p style=\"text-align: center;\">12mg\/l\/year of O2<\/p>\n<p>[\/vc_column_text][\/vc_column][\/vc_row][vc_row][vc_column]<div class=\"gem-youtube gem-wrapbox gem-wrapbox-style-1 rounded-corners shadow-box gem-wrapbox-position-below\" style=\"width: 100%;\"><div class=\"gem-wrapbox-inner gem-ratio-style\" style=\"padding-top: 56.25%\"><iframe class=\"gem-wrapbox-element img-responsive\" width=\"100%\" height=\"300\" allowfullscreen=\"allowfullscreen\" frameborder=\"0\" scrolling=\"no\" marginheight=\"0\" marginwidth=\"0\" src=\"\/\/www.youtube.com\/embed\/1w7993XuJ9k?rel=0&amp;wmode=opaque\"><\/iframe><\/div><\/div>[\/vc_column][\/vc_row]<\/p>\n<\/div>","protected":false},"excerpt":{"rendered":"<p>[vc_row css=&#8221;.vc_custom_1625749488271{padding-top: 50px !important;padding-bottom: 50px !important;}&#8221;][vc_column][vc_column_text] S. Delafont\u2019s stainless steel barrels are designed and manufactured with cutting-edge technology to meet&#8230;<\/p>\n","protected":false},"author":1,"featured_media":0,"parent":0,"menu_order":0,"comment_status":"closed","ping_status":"closed","template":"","meta":{"footnotes":""},"class_list":["post-2561","page","type-page","status-publish"],"_links":{"self":[{"href":"https:\/\/delafont-barrels.fr\/en\/wp-json\/wp\/v2\/pages\/2561","targetHints":{"allow":["GET"]}}],"collection":[{"href":"https:\/\/delafont-barrels.fr\/en\/wp-json\/wp\/v2\/pages"}],"about":[{"href":"https:\/\/delafont-barrels.fr\/en\/wp-json\/wp\/v2\/types\/page"}],"author":[{"embeddable":true,"href":"https:\/\/delafont-barrels.fr\/en\/wp-json\/wp\/v2\/users\/1"}],"replies":[{"embeddable":true,"href":"https:\/\/delafont-barrels.fr\/en\/wp-json\/wp\/v2\/comments?post=2561"}],"version-history":[{"count":5,"href":"https:\/\/delafont-barrels.fr\/en\/wp-json\/wp\/v2\/pages\/2561\/revisions"}],"predecessor-version":[{"id":3236,"href":"https:\/\/delafont-barrels.fr\/en\/wp-json\/wp\/v2\/pages\/2561\/revisions\/3236"}],"wp:attachment":[{"href":"https:\/\/delafont-barrels.fr\/en\/wp-json\/wp\/v2\/media?parent=2561"}],"curies":[{"name":"wp","href":"https:\/\/api.w.org\/{rel}","templated":true}]}}