{"id":2554,"date":"2017-12-13T10:51:00","date_gmt":"2017-12-13T09:51:00","guid":{"rendered":"https:\/\/delafont-barrels.fr\/\/our-history\/"},"modified":"2024-11-12T13:53:05","modified_gmt":"2024-11-12T12:53:05","slug":"our-history","status":"publish","type":"page","link":"https:\/\/delafont-barrels.fr\/en\/our-history\/","title":{"rendered":"Our History"},"content":{"rendered":"<div class=\"wpb-content-wrapper\"><p>[vc_row css=&#8221;.vc_custom_1625749488271{padding-top: 50px !important;padding-bottom: 50px !important;}&#8221;][vc_column][vc_single_image image=&#8221;1299&#8243; img_size=&#8221;full&#8221; alignment=&#8221;center&#8221; css_animation=&#8221;fadeInDown&#8221;][vc_column_text css=&#8221;&#8221;]<\/p>\n<p class=\"text-center text-justify\">The story begins with a winemaker: Samuel Delafont.<br \/>\nHis creative spirit and open mindset towards winemaking led to the founding of S. Delafont Barrels, manufacturer of trademark stainless steel barrels.<\/p>\n<p>[\/vc_column_text][\/vc_column][\/vc_row][vc_row css=&#8221;.vc_custom_1627048538008{margin-top: 50px !important;margin-bottom: 80px !important;background-image: url(https:\/\/delafont-barrels.fr\/\/wp-content\/uploads\/2018\/11\/RAMA.png?id=677) !important;background-position: 0 0 !important;background-repeat: no-repeat !important;}&#8221; el_class=&#8221;custom-frame&#8221;][vc_column css=&#8221;.vc_custom_1545062683533{margin-top: 0px !important;margin-bottom: 0px !important;padding-top: 0px !important;padding-bottom: 0px !important;}&#8221;][vc_column_text css=&#8221;&#8221;]<\/p>\n<h2 class=\"title-h2\" style=\"text-align: center;\"><span class=\"text-hand font-weight-normal\" style=\"color: #a37c39;\">From winegrower and wine merchant<\/span><br \/>\n<span class=\"text-uppercase\">TO MANUFACTURER OF STAINLESS STEEL BARRELS<\/span><\/h2>\n<p>[\/vc_column_text][vc_row_inner content_placement=&#8221;middle&#8221;][vc_column_inner width=&#8221;1\/2&#8243;]<div class=\"centered-box gem-image-centered-box\" ><div class=\"gem-image gem-wrapbox gem-wrapbox-style-default gem-wrapbox-position-centered lazy-loading  thegem-custom-69ef7f8abe57e730\"  style=\"\" ><div class=\"gem-wrapbox-inner  lazy-loading-item\"  data-ll-effect=\"move-up\"><img class=\"gem-wrapbox-element img-responsive\" src=\"https:\/\/delafont-barrels.fr\/wp-content\/uploads\/2024\/07\/Design-sans-titre-16.jpg\" alt=\"\"\/><\/div><style type=\"text\/css\">.thegem-custom-69ef7f8abe57e730.gem-image a:hover img {filter: brightness( 100% ) contrast( 100% ) saturate( 100% ) blur( 0px ) hue-rotate( 0deg );}<\/style><\/div><\/div>[\/vc_column_inner][vc_column_inner width=&#8221;1\/2&#8243;][vc_column_text css=&#8221;&#8221; css_animation=&#8221;bottom-to-top&#8221;]<\/p>\n<p style=\"text-align: justify; max-width: 530px; display: block; margin: 0 auto;\"><span style=\"color: #777777;\">Although Samuel Delafont was not born into a family of winegrowers, he has always been curious to learn more about wine, from grape to glass! Contacts with passionate winegrowers in the Languedoc and elsewhere convinced him <strong>to dive headfirst into the heady world of winemaking<\/strong>, by acquiring his own vines and creating the Samuel Delafont winemaking and wine merchant firm.<\/span><\/p>\n<p>[\/vc_column_text][\/vc_column_inner][\/vc_row_inner][vc_row_inner content_placement=&#8221;middle&#8221;][vc_column_inner width=&#8221;1\/2&#8243;][vc_column_text css=&#8221;&#8221; css_animation=&#8221;bottom-to-top&#8221;]<\/p>\n<p style=\"text-align: justify; max-width: 530px; display: block; margin: 0 auto;\"><span style=\"color: #777777;\"><br \/>\nHe soon understood that to perfect his ageing technique, a complementary solution to the traditional wooden barrel was necessary: wood must be renewed regularly and vinification can be disrupted by bacterias, requiring added sulphite.<br \/>\n<\/span><\/p>\n<p style=\"text-align: justify; max-width: 530px; display: block; margin: 50px auto 0;\"><span style=\"color: #777777;\">This is how Samuel came up with the idea of creating stainless steel barrels: small vessels ensuring greater security for winemaking and ageing by optimising contact with lees. Stainless steel barrels <strong>enhance the complexity of wine<\/strong> while favouring harmonious balance between opposites: extraction and delicacy, generosity and freshness. <\/span><\/p>\n<p>[\/vc_column_text][\/vc_column_inner][vc_column_inner width=&#8221;1\/2&#8243;]<div class=\"centered-box gem-image-centered-box\" ><div class=\"gem-image gem-wrapbox gem-wrapbox-style-default gem-wrapbox-position-centered lazy-loading  thegem-custom-69ef7f8abe8536017\"  style=\"\" ><div class=\"gem-wrapbox-inner  lazy-loading-item\"  data-ll-effect=\"move-up\"><img class=\"gem-wrapbox-element img-responsive\" src=\"https:\/\/delafont-barrels.fr\/wp-content\/uploads\/2021\/07\/histoire-2.jpg\" alt=\"\"\/><\/div><style type=\"text\/css\">.thegem-custom-69ef7f8abe8536017.gem-image a:hover img {filter: brightness( 100% ) contrast( 100% ) saturate( 100% ) blur( 0px ) hue-rotate( 0deg );}<\/style><\/div><\/div>[\/vc_column_inner][\/vc_row_inner][\/vc_column][\/vc_row][vc_row full_width=&#8221;stretch_row_content&#8221; css=&#8221;.vc_custom_1625754942138{margin-top: 0px !important;margin-bottom: 0px !important;padding-top: 0px !important;padding-bottom: 0px !important;}&#8221;][vc_column][vc_row_inner el_class=&#8221;z-index&#8221; css=&#8221;.vc_custom_1625754793760{margin-bottom: -50px !important;}&#8221;][vc_column_inner css=&#8221;.vc_custom_1625754850920{margin-bottom: -50px !important;}&#8221;]<div id=\"fullwidth-block-69ef7f8abed60\" class=\"fullwidth-block clearfix\"  style=\"padding-bottom: 60px;\"><script type=\"text\/javascript\">if (typeof(gem_fix_fullwidth_position) == \"function\") { gem_fix_fullwidth_position(document.getElementById(\"fullwidth-block-69ef7f8abed60\")); }<\/script><div class=\"fullwidth-block-background\" style=\"background-image: url(https:\/\/delafont-barrels.fr\/wp-content\/uploads\/2018\/12\/2.png);background-repeat: no-repeat; background-size: cover;background-position: center bottom;\"><\/div><div class=\"fullwidth-block-inner\"><\/div><\/div>[\/vc_column_inner][\/vc_row_inner][vc_row_inner css=&#8221;.vc_custom_1625755027712{background-image: url(https:\/\/delafont-barrels.fr\/\/wp-content\/uploads\/2021\/07\/slide-home-1.jpg?id=1312) !important;}&#8221;][vc_column_inner css=&#8221;.vc_custom_1625755369479{padding-top: 120px !important;padding-bottom: 80px !important;}&#8221;][vc_column_text css=&#8221;.vc_custom_1731402130758{padding-right: 10% !important;padding-left: 10% !important;}&#8221;]<\/p>\n<h2 class=\"title-h2 text-white\" style=\"text-align: center; text-shadow: 0 0 15px #212121;\"><span class=\"text-uppercase\">FROM DRAWING BOARD TO MANUFACTURING OF STAINLESS STEEL BARRELS: <\/span><br \/>\n<span class=\"text-hand font-weight-normal\">an innovative concept<\/span><\/h2>\n<p>[\/vc_column_text][\/vc_column_inner][\/vc_row_inner][\/vc_column][\/vc_row][vc_row css=&#8221;.vc_custom_1625755475723{margin-top: 80px !important;margin-bottom: 80px !important;}&#8221;][vc_column width=&#8221;1\/2&#8243;][vc_column_text css=&#8221;&#8221; css_animation=&#8221;bottom-to-top&#8221;]<\/p>\n<p style=\"text-align: justify; color: #777777;\">2010 saw the birth of the first experimental stainless steel barrel.<br \/>\nSamuel was finally able to test the new material and results exceeded all expectations: optimal contact surfaces with lees, enhanced freshness and delicacy in wine!<br \/>\nStainless steel barrels also proved to be perfect for ageing and micro-vinification, while offering a secure storage solution: a multi-purpose, innovative tool!<\/p>\n<p>[\/vc_column_text][\/vc_column][vc_column width=&#8221;1\/2&#8243;][vc_column_text css=&#8221;&#8221; css_animation=&#8221;bottom-to-top&#8221;]<\/p>\n<p style=\"text-align: justify; color: #777777;\">The objective was clear: to provide the best possible support for the raw material, enhancing quality without disturbing the natural processes at play. The stainless steel barrel quickly seduced winegrowers seeking small vessel formats and new solutions; in a quest for increased quality and terroir expression, Maisons et Domaines de France showed keen interest!<\/p>\n<p>[\/vc_column_text][\/vc_column][\/vc_row][vc_row full_width=&#8221;stretch_row&#8221; parallax=&#8221;content-moving&#8221; css=&#8221;.vc_custom_1626425703363{padding-top: 80px !important;padding-bottom: 120px !important;background-image: url(https:\/\/delafont-barrels.fr\/\/wp-content\/uploads\/2021\/07\/BARRELS-1252.jpg?id=1417) !important;}&#8221; el_class=&#8221;bg-bottom&#8221;][vc_column][vc_column_text css=&#8221;.vc_custom_1731402293248{padding-top: 30px !important;padding-right: 30px !important;padding-bottom: 30px !important;padding-left: 30px !important;background-color: rgba(10,10,10,0.8) !important;*background-color: rgb(10,10,10) !important;}&#8221;]<\/p>\n<p class=\"text-justify text-white\" style=\"font-size: 22px; line-height: 1.3;\">Faced with growing demand, Delafont Barrels was founded to develop <strong>semi-industrial technology<\/strong> to <a href=\"\/en\/vinification-equipment-innovative-design\/\">produce sufficient quantities of top-quality, stainless steel barrels<\/a>. For the design process, the new company partnered with a French engineering firm: funding was secured in 2018, the project was launched in 2019 and by the end of 2020, the V\u00e9z\u00e9nobres (C\u00e9vennes) workshop was up and running! The technology developed ensured manufacturing repeatability for consistent barrel quality.<br \/>\nAt last, it was possible to produce large quantities of top-quality, perfectly curved, 100% French-made stainless steel barrels!<\/p>\n<p>[\/vc_column_text][\/vc_column][\/vc_row][vc_row full_width=&#8221;stretch_row&#8221; equal_height=&#8221;yes&#8221; content_placement=&#8221;middle&#8221; css=&#8221;.vc_custom_1626425621342{margin-top: -70px !important;margin-bottom: 0px !important;padding-top: 80px !important;padding-bottom: 80px !important;background-image: url(https:\/\/delafont-barrels.fr\/\/wp-content\/uploads\/2021\/07\/fd-arrondi.png?id=1448) !important;}&#8221; el_id=&#8221;galerie&#8221;][vc_column][vc_column_text css=&#8221;&#8221; css_animation=&#8221;bottom-to-top&#8221;]<\/p>\n<div class=\"text-hand text-lowercase\" style=\"text-align: center; color: #a37c39; font-size: 3em;\">Photo gallery<\/div>\n<p>[\/vc_column_text]<div class=\"clearboth\"><\/div><style>#thegem-divider-69ef7f8abed9d {margin-top: -15px !important;}<\/style><div id=\"thegem-divider-69ef7f8abed9d\" class=\"gem-divider  \" style=\"\" ><\/div>[vc_column_text css=&#8221;&#8221; css_animation=&#8221;bottom-to-top&#8221;]<\/p>\n<div class=\"title-h1 text-uppercase\" style=\"text-align: center; margin-bottom: 27px;\">OUR STAINLESS STEEL BARRELS<\/div>\n<p>[\/vc_column_text][\/vc_column][\/vc_row][vc_row full_width=&#8221;stretch_row&#8221; css=&#8221;.vc_custom_1625756870848{margin-top: 0px !important;margin-bottom: 0px !important;padding-top: 50px !important;padding-bottom: 50px !important;background-color: #f1efe8 !important;}&#8221;][vc_column]<div class=\"preloader\"><div class=\"preloader-spin\"><\/div><\/div> <div id=\"gem-gallery-69ef7f8abf264\" class=\"gem-gallery gem-gallery-hover-zooming-blur no-thumbs\" data-autoscroll=\"5000\"> <div class=\"gem-gallery-item\"> <div class=\"gem-gallery-item-image\"> <a href=\"https:\/\/delafont-barrels.fr\/wp-content\/uploads\/2021\/07\/BARRELS-0763-web-thegem-gallery-fullwidth.jpg\" data-fancybox-group=\"gallery-69ef7f8abf264\" data-full-image-url=\"https:\/\/delafont-barrels.fr\/wp-content\/uploads\/2021\/07\/BARRELS-0763-web.jpg\"> <svg width=\"20\" height=\"10\"><path d=\"M 0,10 Q 9,9 10,0 Q 11,9 20,10\" \/><\/svg> <img src=\"https:\/\/delafont-barrels.fr\/wp-content\/uploads\/2021\/07\/BARRELS-0763-web-thegem-post-thumb-small.jpg\" alt=\"\" class=\"img-responsive\"> <span class=\"gem-gallery-caption slide-info\"> <\/span> <\/a> <span class=\"gem-gallery-line\"><\/span> <\/div> <\/div> <div class=\"gem-gallery-item\"> <div class=\"gem-gallery-item-image\"> <a href=\"https:\/\/delafont-barrels.fr\/wp-content\/uploads\/2021\/07\/fut-4-thegem-gallery-fullwidth.jpg\" data-fancybox-group=\"gallery-69ef7f8abf264\" data-full-image-url=\"https:\/\/delafont-barrels.fr\/wp-content\/uploads\/2021\/07\/fut-4.jpg\"> <svg width=\"20\" height=\"10\"><path d=\"M 0,10 Q 9,9 10,0 Q 11,9 20,10\" \/><\/svg> <img src=\"https:\/\/delafont-barrels.fr\/wp-content\/uploads\/2021\/07\/fut-4-thegem-post-thumb-small.jpg\" alt=\"\" class=\"img-responsive\"> <span class=\"gem-gallery-caption slide-info\"> <\/span> <\/a> <span class=\"gem-gallery-line\"><\/span> <\/div> <\/div> <div class=\"gem-gallery-item\"> <div class=\"gem-gallery-item-image\"> <a href=\"https:\/\/delafont-barrels.fr\/wp-content\/uploads\/2021\/07\/fd-titre-parfaits-thegem-gallery-fullwidth.jpg\" data-fancybox-group=\"gallery-69ef7f8abf264\" data-full-image-url=\"https:\/\/delafont-barrels.fr\/wp-content\/uploads\/2021\/07\/fd-titre-parfaits.jpg\"> <svg width=\"20\" height=\"10\"><path d=\"M 0,10 Q 9,9 10,0 Q 11,9 20,10\" \/><\/svg> <img src=\"https:\/\/delafont-barrels.fr\/wp-content\/uploads\/2021\/07\/fd-titre-parfaits-thegem-post-thumb-small.jpg\" alt=\"\" class=\"img-responsive\"> <span class=\"gem-gallery-caption slide-info\"> <\/span> <\/a> <span class=\"gem-gallery-line\"><\/span> <\/div> <\/div> <div class=\"gem-gallery-item\"> <div class=\"gem-gallery-item-image\"> <a href=\"https:\/\/delafont-barrels.fr\/wp-content\/uploads\/2021\/07\/BARRELS-0694-thegem-gallery-fullwidth.jpg\" data-fancybox-group=\"gallery-69ef7f8abf264\" data-full-image-url=\"https:\/\/delafont-barrels.fr\/wp-content\/uploads\/2021\/07\/BARRELS-0694.jpg\"> <svg width=\"20\" height=\"10\"><path d=\"M 0,10 Q 9,9 10,0 Q 11,9 20,10\" \/><\/svg> <img src=\"https:\/\/delafont-barrels.fr\/wp-content\/uploads\/2021\/07\/BARRELS-0694-thegem-post-thumb-small.jpg\" alt=\"\" class=\"img-responsive\"> <span class=\"gem-gallery-caption slide-info\"> <\/span> <\/a> <span class=\"gem-gallery-line\"><\/span> <\/div> <\/div> <div class=\"gem-gallery-item\"> <div class=\"gem-gallery-item-image\"> <a href=\"https:\/\/delafont-barrels.fr\/wp-content\/uploads\/2021\/07\/header-histoire-thegem-gallery-fullwidth.jpg\" data-fancybox-group=\"gallery-69ef7f8abf264\" data-full-image-url=\"https:\/\/delafont-barrels.fr\/wp-content\/uploads\/2021\/07\/header-histoire.jpg\"> <svg width=\"20\" height=\"10\"><path d=\"M 0,10 Q 9,9 10,0 Q 11,9 20,10\" \/><\/svg> <img src=\"https:\/\/delafont-barrels.fr\/wp-content\/uploads\/2021\/07\/header-histoire-thegem-post-thumb-small.jpg\" alt=\"\" class=\"img-responsive\"> <span class=\"gem-gallery-caption slide-info\"> <\/span> <\/a> <span class=\"gem-gallery-line\"><\/span> <\/div> <\/div> <div class=\"gem-gallery-item\"> <div class=\"gem-gallery-item-image\"> <a href=\"https:\/\/delafont-barrels.fr\/wp-content\/uploads\/2021\/07\/BARRELS-fond-fut-thegem-gallery-fullwidth.jpg\" data-fancybox-group=\"gallery-69ef7f8abf264\" data-full-image-url=\"https:\/\/delafont-barrels.fr\/wp-content\/uploads\/2021\/07\/BARRELS-fond-fut.jpg\"> <svg width=\"20\" height=\"10\"><path d=\"M 0,10 Q 9,9 10,0 Q 11,9 20,10\" \/><\/svg> <img src=\"https:\/\/delafont-barrels.fr\/wp-content\/uploads\/2021\/07\/BARRELS-fond-fut-thegem-post-thumb-small.jpg\" alt=\"\" class=\"img-responsive\"> <span class=\"gem-gallery-caption slide-info\"> <\/span> <\/a> <span class=\"gem-gallery-line\"><\/span> <\/div> <\/div> <div class=\"gem-gallery-item\"> <div class=\"gem-gallery-item-image\"> <a href=\"https:\/\/delafont-barrels.fr\/wp-content\/uploads\/2021\/07\/BARRELS-0781-web-thegem-gallery-fullwidth.jpg\" data-fancybox-group=\"gallery-69ef7f8abf264\" data-full-image-url=\"https:\/\/delafont-barrels.fr\/wp-content\/uploads\/2021\/07\/BARRELS-0781-web.jpg\"> <svg width=\"20\" height=\"10\"><path d=\"M 0,10 Q 9,9 10,0 Q 11,9 20,10\" \/><\/svg> <img src=\"https:\/\/delafont-barrels.fr\/wp-content\/uploads\/2021\/07\/BARRELS-0781-web-thegem-post-thumb-small.jpg\" alt=\"\" class=\"img-responsive\"> <span class=\"gem-gallery-caption slide-info\"> <\/span> <\/a> <span class=\"gem-gallery-line\"><\/span> <\/div> <\/div> <div class=\"gem-gallery-item\"> <div class=\"gem-gallery-item-image\"> <a href=\"https:\/\/delafont-barrels.fr\/wp-content\/uploads\/2021\/07\/BARRELS-1295-web-thegem-gallery-fullwidth.jpg\" data-fancybox-group=\"gallery-69ef7f8abf264\" data-full-image-url=\"https:\/\/delafont-barrels.fr\/wp-content\/uploads\/2021\/07\/BARRELS-1295-web.jpg\"> <svg width=\"20\" height=\"10\"><path d=\"M 0,10 Q 9,9 10,0 Q 11,9 20,10\" \/><\/svg> <img src=\"https:\/\/delafont-barrels.fr\/wp-content\/uploads\/2021\/07\/BARRELS-1295-web-thegem-post-thumb-small.jpg\" alt=\"\" class=\"img-responsive\"> <span class=\"gem-gallery-caption slide-info\"> <\/span> <\/a> <span class=\"gem-gallery-line\"><\/span> <\/div> <\/div> <div class=\"gem-gallery-item\"> <div class=\"gem-gallery-item-image\"> <a href=\"https:\/\/delafont-barrels.fr\/wp-content\/uploads\/2021\/07\/fd-header-conception-thegem-gallery-fullwidth.jpg\" data-fancybox-group=\"gallery-69ef7f8abf264\" data-full-image-url=\"https:\/\/delafont-barrels.fr\/wp-content\/uploads\/2021\/07\/fd-header-conception.jpg\"> <svg width=\"20\" height=\"10\"><path d=\"M 0,10 Q 9,9 10,0 Q 11,9 20,10\" \/><\/svg> <img src=\"https:\/\/delafont-barrels.fr\/wp-content\/uploads\/2021\/07\/fd-header-conception-thegem-post-thumb-small.jpg\" alt=\"\" class=\"img-responsive\"> <span class=\"gem-gallery-caption slide-info\"> <\/span> <\/a> <span class=\"gem-gallery-line\"><\/span> <\/div> <\/div> <div class=\"gem-gallery-item\"> <div class=\"gem-gallery-item-image\"> <a href=\"https:\/\/delafont-barrels.fr\/wp-content\/uploads\/2021\/07\/BARRELS-1230-thegem-gallery-fullwidth.jpg\" data-fancybox-group=\"gallery-69ef7f8abf264\" data-full-image-url=\"https:\/\/delafont-barrels.fr\/wp-content\/uploads\/2021\/07\/BARRELS-1230.jpg\"> <svg width=\"20\" height=\"10\"><path d=\"M 0,10 Q 9,9 10,0 Q 11,9 20,10\" \/><\/svg> <img src=\"https:\/\/delafont-barrels.fr\/wp-content\/uploads\/2021\/07\/BARRELS-1230-thegem-post-thumb-small.jpg\" alt=\"\" class=\"img-responsive\"> <span class=\"gem-gallery-caption slide-info\"> <\/span> <\/a> <span class=\"gem-gallery-line\"><\/span> <\/div> <\/div> <div class=\"gem-gallery-item\"> <div class=\"gem-gallery-item-image\"> <a href=\"https:\/\/delafont-barrels.fr\/wp-content\/uploads\/2021\/07\/BARRELS-1260-web-thegem-gallery-fullwidth.jpg\" data-fancybox-group=\"gallery-69ef7f8abf264\" data-full-image-url=\"https:\/\/delafont-barrels.fr\/wp-content\/uploads\/2021\/07\/BARRELS-1260-web.jpg\"> <svg width=\"20\" height=\"10\"><path d=\"M 0,10 Q 9,9 10,0 Q 11,9 20,10\" \/><\/svg> <img src=\"https:\/\/delafont-barrels.fr\/wp-content\/uploads\/2021\/07\/BARRELS-1260-web-thegem-post-thumb-small.jpg\" alt=\"\" class=\"img-responsive\"> <span class=\"gem-gallery-caption slide-info\"> <\/span> <\/a> <span class=\"gem-gallery-line\"><\/span> <\/div> <\/div> <div class=\"gem-gallery-item\"> <div class=\"gem-gallery-item-image\"> <a href=\"https:\/\/delafont-barrels.fr\/wp-content\/uploads\/2021\/07\/BARRELS-1222-web-thegem-gallery-fullwidth.jpg\" data-fancybox-group=\"gallery-69ef7f8abf264\" data-full-image-url=\"https:\/\/delafont-barrels.fr\/wp-content\/uploads\/2021\/07\/BARRELS-1222-web.jpg\"> <svg width=\"20\" height=\"10\"><path d=\"M 0,10 Q 9,9 10,0 Q 11,9 20,10\" \/><\/svg> <img src=\"https:\/\/delafont-barrels.fr\/wp-content\/uploads\/2021\/07\/BARRELS-1222-web-thegem-post-thumb-small.jpg\" alt=\"\" class=\"img-responsive\"> <span class=\"gem-gallery-caption slide-info\"> <\/span> <\/a> <span class=\"gem-gallery-line\"><\/span> <\/div> <\/div> <div class=\"gem-gallery-item\"> <div class=\"gem-gallery-item-image\"> <a href=\"https:\/\/delafont-barrels.fr\/wp-content\/uploads\/2021\/07\/BARRELS-1296-thegem-gallery-fullwidth.jpg\" data-fancybox-group=\"gallery-69ef7f8abf264\" data-full-image-url=\"https:\/\/delafont-barrels.fr\/wp-content\/uploads\/2021\/07\/BARRELS-1296.jpg\"> <svg width=\"20\" height=\"10\"><path d=\"M 0,10 Q 9,9 10,0 Q 11,9 20,10\" \/><\/svg> <img src=\"https:\/\/delafont-barrels.fr\/wp-content\/uploads\/2021\/07\/BARRELS-1296-thegem-post-thumb-small.jpg\" alt=\"\" class=\"img-responsive\"> <span class=\"gem-gallery-caption slide-info\"> <\/span> <\/a> <span class=\"gem-gallery-line\"><\/span> <\/div> <\/div> <div class=\"gem-gallery-item\"> <div class=\"gem-gallery-item-image\"> <a href=\"https:\/\/delafont-barrels.fr\/wp-content\/uploads\/2021\/11\/347A1909-scaled-thegem-gallery-fullwidth.jpg\" data-fancybox-group=\"gallery-69ef7f8abf264\" data-full-image-url=\"https:\/\/delafont-barrels.fr\/wp-content\/uploads\/2021\/11\/347A1909-scaled.jpg\"> <svg width=\"20\" height=\"10\"><path d=\"M 0,10 Q 9,9 10,0 Q 11,9 20,10\" \/><\/svg> <img src=\"https:\/\/delafont-barrels.fr\/wp-content\/uploads\/2021\/11\/347A1909-scaled-thegem-post-thumb-small.jpg\" alt=\"\" class=\"img-responsive\"> <span class=\"gem-gallery-caption slide-info\"> <\/span> <\/a> <span class=\"gem-gallery-line\"><\/span> <\/div> <\/div> <div class=\"gem-gallery-item\"> <div class=\"gem-gallery-item-image\"> <a href=\"https:\/\/delafont-barrels.fr\/wp-content\/uploads\/2021\/11\/347A4199-scaled-thegem-gallery-fullwidth.jpg\" data-fancybox-group=\"gallery-69ef7f8abf264\" data-full-image-url=\"https:\/\/delafont-barrels.fr\/wp-content\/uploads\/2021\/11\/347A4199-scaled.jpg\"> <svg width=\"20\" height=\"10\"><path d=\"M 0,10 Q 9,9 10,0 Q 11,9 20,10\" \/><\/svg> <img src=\"https:\/\/delafont-barrels.fr\/wp-content\/uploads\/2021\/11\/347A4199-scaled-thegem-post-thumb-small.jpg\" alt=\"\" class=\"img-responsive\"> <span class=\"gem-gallery-caption slide-info\"> <\/span> <\/a> <span class=\"gem-gallery-line\"><\/span> <\/div> <\/div> <div class=\"gem-gallery-item\"> <div class=\"gem-gallery-item-image\"> <a href=\"https:\/\/delafont-barrels.fr\/wp-content\/uploads\/2021\/11\/347A4216-scaled-thegem-gallery-fullwidth.jpg\" data-fancybox-group=\"gallery-69ef7f8abf264\" data-full-image-url=\"https:\/\/delafont-barrels.fr\/wp-content\/uploads\/2021\/11\/347A4216-scaled.jpg\"> <svg width=\"20\" height=\"10\"><path d=\"M 0,10 Q 9,9 10,0 Q 11,9 20,10\" \/><\/svg> <img src=\"https:\/\/delafont-barrels.fr\/wp-content\/uploads\/2021\/11\/347A4216-scaled-thegem-post-thumb-small.jpg\" alt=\"\" class=\"img-responsive\"> <span class=\"gem-gallery-caption slide-info\"> <\/span> <\/a> <span class=\"gem-gallery-line\"><\/span> <\/div> <\/div> <div class=\"gem-gallery-item\"> <div class=\"gem-gallery-item-image\"> <a href=\"https:\/\/delafont-barrels.fr\/wp-content\/uploads\/2021\/11\/347A4364-scaled-thegem-gallery-fullwidth.jpg\" data-fancybox-group=\"gallery-69ef7f8abf264\" data-full-image-url=\"https:\/\/delafont-barrels.fr\/wp-content\/uploads\/2021\/11\/347A4364-scaled.jpg\"> <svg width=\"20\" height=\"10\"><path d=\"M 0,10 Q 9,9 10,0 Q 11,9 20,10\" \/><\/svg> <img src=\"https:\/\/delafont-barrels.fr\/wp-content\/uploads\/2021\/11\/347A4364-scaled-thegem-post-thumb-small.jpg\" alt=\"\" class=\"img-responsive\"> <span class=\"gem-gallery-caption slide-info\"> <\/span> <\/a> <span class=\"gem-gallery-line\"><\/span> <\/div> <\/div> <div class=\"gem-gallery-item\"> <div class=\"gem-gallery-item-image\"> <a href=\"https:\/\/delafont-barrels.fr\/wp-content\/uploads\/2021\/11\/347A4389-scaled-thegem-gallery-fullwidth.jpg\" data-fancybox-group=\"gallery-69ef7f8abf264\" data-full-image-url=\"https:\/\/delafont-barrels.fr\/wp-content\/uploads\/2021\/11\/347A4389-scaled.jpg\"> <svg width=\"20\" height=\"10\"><path d=\"M 0,10 Q 9,9 10,0 Q 11,9 20,10\" \/><\/svg> <img src=\"https:\/\/delafont-barrels.fr\/wp-content\/uploads\/2021\/11\/347A4389-scaled-thegem-post-thumb-small.jpg\" alt=\"\" class=\"img-responsive\"> <span class=\"gem-gallery-caption slide-info\"> <\/span> <\/a> <span class=\"gem-gallery-line\"><\/span> <\/div> <\/div> <div class=\"gem-gallery-item\"> <div class=\"gem-gallery-item-image\"> <a href=\"https:\/\/delafont-barrels.fr\/wp-content\/uploads\/2021\/11\/347A4397-scaled-thegem-gallery-fullwidth.jpg\" data-fancybox-group=\"gallery-69ef7f8abf264\" data-full-image-url=\"https:\/\/delafont-barrels.fr\/wp-content\/uploads\/2021\/11\/347A4397-scaled.jpg\"> <svg width=\"20\" height=\"10\"><path d=\"M 0,10 Q 9,9 10,0 Q 11,9 20,10\" \/><\/svg> <img src=\"https:\/\/delafont-barrels.fr\/wp-content\/uploads\/2021\/11\/347A4397-scaled-thegem-post-thumb-small.jpg\" alt=\"\" class=\"img-responsive\"> <span class=\"gem-gallery-caption slide-info\"> <\/span> <\/a> <span class=\"gem-gallery-line\"><\/span> <\/div> <\/div> <\/div><div class=\"clearboth\"><\/div><style>#thegem-divider-69ef7f8ac1d82 {margin-top: 75px !important;}<\/style><div id=\"thegem-divider-69ef7f8ac1d82\" class=\"gem-divider  \" style=\"\" ><\/div>[\/vc_column][\/vc_row]<\/p>\n<\/div>","protected":false},"excerpt":{"rendered":"<p>[vc_row css=&#8221;.vc_custom_1625749488271{padding-top: 50px !important;padding-bottom: 50px !important;}&#8221;][vc_column][vc_single_image image=&#8221;1299&#8243; img_size=&#8221;full&#8221; alignment=&#8221;center&#8221; css_animation=&#8221;fadeInDown&#8221;][vc_column_text css=&#8221;&#8221;] The story begins with a winemaker: Samuel Delafont. His&#8230;<\/p>\n","protected":false},"author":1,"featured_media":0,"parent":0,"menu_order":0,"comment_status":"closed","ping_status":"closed","template":"","meta":{"footnotes":""},"class_list":["post-2554","page","type-page","status-publish"],"_links":{"self":[{"href":"https:\/\/delafont-barrels.fr\/en\/wp-json\/wp\/v2\/pages\/2554","targetHints":{"allow":["GET"]}}],"collection":[{"href":"https:\/\/delafont-barrels.fr\/en\/wp-json\/wp\/v2\/pages"}],"about":[{"href":"https:\/\/delafont-barrels.fr\/en\/wp-json\/wp\/v2\/types\/page"}],"author":[{"embeddable":true,"href":"https:\/\/delafont-barrels.fr\/en\/wp-json\/wp\/v2\/users\/1"}],"replies":[{"embeddable":true,"href":"https:\/\/delafont-barrels.fr\/en\/wp-json\/wp\/v2\/comments?post=2554"}],"version-history":[{"count":8,"href":"https:\/\/delafont-barrels.fr\/en\/wp-json\/wp\/v2\/pages\/2554\/revisions"}],"predecessor-version":[{"id":3242,"href":"https:\/\/delafont-barrels.fr\/en\/wp-json\/wp\/v2\/pages\/2554\/revisions\/3242"}],"wp:attachment":[{"href":"https:\/\/delafont-barrels.fr\/en\/wp-json\/wp\/v2\/media?parent=2554"}],"curies":[{"name":"wp","href":"https:\/\/api.w.org\/{rel}","templated":true}]}}